{"id":27121,"date":"2022-08-10T23:44:48","date_gmt":"2022-08-10T23:44:48","guid":{"rendered":"https:\/\/gyncentrum.pl\/wyszukiwarka\/"},"modified":"2023-11-03T13:28:17","modified_gmt":"2023-11-03T13:28:17","slug":"search-engine","status":"publish","type":"page","link":"https:\/\/gyncentrum.pl\/en\/search-engine\/","title":{"rendered":"Search engine"},"content":{"rendered":"\n<section id=\"search-block_62f442f64061d\" class=\"block-search \">\n    <div class=\"l-container\">\n        <div class=\"block-search__header\"><\/div>\n        <span class=\"block-search__filters-label\">You are searching<\/span>\n        <form class=\"search-wrapper\">\n            <img decoding=\"async\" class=\"icon\" src=\"https:\/\/gyncentrum.pl\/wp-content\/themes\/gyn-centrum\/img\/search-icon-2.svg\" width=\"24\" height=\"24\" alt=\"\" title=\"\">\n            <input type=\"text\" class=\"input\"><\/input>\n        <\/form>\n        <ul class=\"block-search__filters\">\n            <li class=\"c-item\">\n                <button\n                    data-searchid=\"all\"\n                    class=\"js-button-category-filters c-item__button c-item__button--all selected\">\n                    All                <\/button>\n            <\/li>\n            <li class=\"c-item\">\n                <button\n                    data-searchid=\"services-pricing\"\n                    class=\"js-button-category-filters c-item__button\">\n                    Us\u0142ugi (Cennik)                <\/button>\n            <\/li>\n            <li class=\"c-item\">\n                <button\n                    data-searchid=\"servies\"\n                    class=\"js-button-category-filters c-item__button\">\n                    Us\u0142ugi                <\/button>\n            <\/li>\n            <li class=\"c-item\">\n                <button\n                    data-searchid=\"knowledge\"\n                    class=\"js-button-category-filters c-item__button\">\n                    Knowledge zone                <\/button>\n            <\/li>\n            <li class=\"c-item\">\n                <button\n                    data-searchid=\"news\"\n                    class=\"js-button-category-filters c-item__button\">\n                    Aktualno\u015bci                <\/button>\n            <\/li>\n            <li class=\"c-item\">\n                <button\n                    data-searchid=\"team\"\n                    class=\"js-button-category-filters c-item__button\">\n                    Zesp\u00f3\u0142                <\/button>\n            <\/li>\n            <li class=\"c-item\">\n                <button\n                    data-searchid=\"pages\"\n                    class=\"js-button-category-filters c-item__button\">\n                    Strony                <\/button>\n            <\/li>\n        <\/ul>\n\n        <div class=\"block-search__listing\"><\/div>\n    <\/div>\n<\/section>\n\n\n\n<section id=\"basic-contact-form-block_62eba2d6bb4b3\" class=\"block-basic-contact-form  \">\n    <div class=\"container\">\n        <img decoding=\"async\" class=\"heart-dust\" src=\"https:\/\/gyncentrum.pl\/wp-content\/themes\/gyn-centrum\/img\/orange-sketchy-heart-empty.svg\" width=\"28\" height=\"50\" alt=\"\" title=\"\">\n        <div class=\"dust dust-1\"><\/div>\n        <div class=\"dust dust-2\"><\/div>\n        <div class=\"dust dust-3 orange\"><\/div>\n        <div class=\"dust dust-4\"><\/div>\n        <div class=\"dust dust-5\"><\/div>\n        <div class=\"dust dust-6 orange\"><\/div>\n        <div class=\"inner-wrapper\">\n            <div class=\"left-part\">\n                <img decoding=\"async\" src=\"https:\/\/gyncentrum.pl\/wp-content\/themes\/gyn-centrum\/img\/orange-sketchy-heart.svg\" class=\"sketchy-heart\" width=\"28\" height=\"50\" alt=\"\" title=\"\">\n                <h3 class=\"title\"><p><strong>Not what<\/strong><br \/>\n<strong>you&#8217;re looking for?<\/strong> <em>Call<\/em><br \/>\n<em>or write?<\/em><\/p>\n<\/h3>\n                <a class=\"phone-button\" href=\"tel:325065777\">\n                    <img decoding=\"async\" src=\"https:\/\/gyncentrum.pl\/wp-content\/themes\/gyn-centrum\/img\/phone-icon.svg\" width=\"32\" height=\"33\" alt=\"\" title=\"\">\n                    <span class=\"number-itself\">32 506 57 77 <\/span>\n                <\/a>\n            <\/div>\n            <div class=\"right-part\">\n                                    <div class=\"form-wrapper\" >\n<div class=\"wpcf7 no-js\" id=\"wpcf7-f342-o1\" lang=\"en-US\" dir=\"ltr\" data-wpcf7-id=\"342\">\n<div class=\"screen-reader-response\"><p role=\"status\" aria-live=\"polite\" aria-atomic=\"true\"><\/p> <ul><\/ul><\/div>\n<form action=\"\/en\/wp-json\/wp\/v2\/pages\/27121#wpcf7-f342-o1\" method=\"post\" class=\"wpcf7-form init cf7mls-no-scroll cf7mls-no-moving-animation\" aria-label=\"Contact form\" novalidate=\"novalidate\" data-status=\"init\">\n<fieldset class=\"hidden-fields-container\"><input type=\"hidden\" name=\"_wpcf7\" value=\"342\" \/><input type=\"hidden\" name=\"_wpcf7_version\" value=\"6.1.5\" \/><input type=\"hidden\" name=\"_wpcf7_locale\" value=\"en_US\" \/><input type=\"hidden\" name=\"_wpcf7_unit_tag\" value=\"wpcf7-f342-o1\" \/><input type=\"hidden\" name=\"_wpcf7_container_post\" value=\"0\" \/><input type=\"hidden\" name=\"_wpcf7_posted_data_hash\" value=\"\" \/><input type=\"hidden\" name=\"_wpcf7cf_hidden_group_fields\" value=\"[]\" \/><input type=\"hidden\" name=\"_wpcf7cf_hidden_groups\" value=\"[]\" \/><input type=\"hidden\" name=\"_wpcf7cf_visible_groups\" value=\"[]\" \/><input type=\"hidden\" name=\"_wpcf7cf_repeaters\" value=\"[]\" \/><input type=\"hidden\" name=\"_wpcf7cf_steps\" value=\"{}\" \/><input type=\"hidden\" name=\"_wpcf7cf_options\" value=\"{&quot;form_id&quot;:342,&quot;conditions&quot;:[],&quot;settings&quot;:{&quot;animation&quot;:&quot;yes&quot;,&quot;animation_intime&quot;:200,&quot;animation_outtime&quot;:200,&quot;conditions_ui&quot;:&quot;normal&quot;,&quot;notice_dismissed&quot;:false,&quot;notice_dismissed_update-cf7-5.8.6&quot;:true}}\" \/><input type=\"hidden\" name=\"Service\" value=\"Search engine\" \/><input type=\"hidden\" name=\"_wpcf7_recaptcha_response\" value=\"\" \/>\n<\/fieldset>\n<div class=\"name-wrapper input-wrapper\">\n\t<p><label class=\"name-label\">Imi\u0119<\/label><span class=\"wpcf7-form-control-wrap\" data-name=\"your-name\"><input size=\"40\" maxlength=\"30\" class=\"wpcf7-form-control wpcf7-text wpcf7-validates-as-required\" aria-required=\"true\" aria-invalid=\"false\" value=\"\" type=\"text\" name=\"your-name\" \/><\/span>\n\t<\/p>\n<\/div>\n<div class=\"surname-wrapper input-wrapper\">\n\t<p><label class=\"surname-label\">Nazwisko<\/label><span class=\"wpcf7-form-control-wrap\" data-name=\"surname\"><input size=\"40\" maxlength=\"30\" class=\"wpcf7-form-control wpcf7-text wpcf7-validates-as-required\" aria-required=\"true\" aria-invalid=\"false\" value=\"\" type=\"text\" name=\"surname\" \/><\/span>\n\t<\/p>\n<\/div>\n<div class=\"yourmessage-wrapper input-wrapper\">\n\t<p><label class=\"yourmessage-label\">Twoja wiadomo\u015b\u0107<\/label><span class=\"wpcf7-form-control-wrap\" data-name=\"your-message\"><textarea cols=\"40\" rows=\"10\" maxlength=\"150\" class=\"wpcf7-form-control wpcf7-textarea wpcf7-validates-as-required\" aria-required=\"true\" aria-invalid=\"false\" name=\"your-message\"><\/textarea><\/span>\n\t<\/p>\n<\/div>\n<div class=\"surname-wrapper input-wrapper\">\n\t<p><label class=\"surname-label\">Email<\/label><span class=\"wpcf7-form-control-wrap\" data-name=\"email-658\"><input size=\"40\" maxlength=\"30\" class=\"wpcf7-form-control wpcf7-email wpcf7-text wpcf7-validates-as-email\" aria-invalid=\"false\" value=\"\" type=\"email\" name=\"email-658\" \/><\/span>\n\t<\/p>\n<\/div>\n<p><input class=\"wpcf7-form-control wpcf7-submit has-spinner\" type=\"submit\" value=\"Wy\u015blij wiadomo\u015b\u0107\" \/>\n<\/p><input type='hidden' class='wpcf7-pum' value='{\"closepopup\":false,\"closedelay\":0,\"openpopup\":false,\"openpopup_id\":0}' \/><div class=\"wpcf7-response-output\" aria-hidden=\"true\"><\/div>\n<\/form>\n<\/div>\n<\/div>\n                    \n            <\/div>\n        <\/div>\n\n    <\/div>\n<\/section>\n","protected":false},"excerpt":{"rendered":"","protected":false},"author":24,"featured_media":0,"parent":0,"menu_order":0,"comment_status":"closed","ping_status":"closed","template":"","meta":{"_acf_changed":false,"footnotes":""},"class_list":["post-27121","page","type-page","status-publish","hentry"],"acf":[],"_links":{"self":[{"href":"https:\/\/gyncentrum.pl\/en\/wp-json\/wp\/v2\/pages\/27121","targetHints":{"allow":["GET"]}}],"collection":[{"href":"https:\/\/gyncentrum.pl\/en\/wp-json\/wp\/v2\/pages"}],"about":[{"href":"https:\/\/gyncentrum.pl\/en\/wp-json\/wp\/v2\/types\/page"}],"author":[{"embeddable":true,"href":"https:\/\/gyncentrum.pl\/en\/wp-json\/wp\/v2\/users\/24"}],"replies":[{"embeddable":true,"href":"https:\/\/gyncentrum.pl\/en\/wp-json\/wp\/v2\/comments?post=27121"}],"version-history":[{"count":2,"href":"https:\/\/gyncentrum.pl\/en\/wp-json\/wp\/v2\/pages\/27121\/revisions"}],"predecessor-version":[{"id":27123,"href":"https:\/\/gyncentrum.pl\/en\/wp-json\/wp\/v2\/pages\/27121\/revisions\/27123"}],"wp:attachment":[{"href":"https:\/\/gyncentrum.pl\/en\/wp-json\/wp\/v2\/media?parent=27121"}],"curies":[{"name":"wp","href":"https:\/\/api.w.org\/{rel}","templated":true}]}}