{"id":27350,"date":"2022-08-03T12:11:19","date_gmt":"2022-08-03T12:11:19","guid":{"rendered":"https:\/\/gyncentrum.pl\/aktualnosci-2\/"},"modified":"2024-05-29T10:17:00","modified_gmt":"2024-05-29T10:17:00","slug":"news","status":"publish","type":"page","link":"https:\/\/gyncentrum.pl\/en\/news\/","title":{"rendered":"News"},"content":{"rendered":"\n<section id=\"news-list-block_d6f39d57a2d1118bb2099fa6b78854bc\" class=\"block-news-list \">\n    <div class=\"container\">\n        <div class=\"content-wrapper\">\n            <div class=\"title-row\">\n                <h3 class=\"title\">Aktualno\u015bci<\/h3>\n                <div class=\"types-part sorting-part mobile\">\n                    <span class=\"label\">Tematyka<\/span>\n                    <div class=\"types-wrapper sorting-wrapper \">\n                        <span class=\"single-type single-sorter taxonomy-label selected\" data-newsslug=\"all\">wszystko<\/span>\n                                                    <span class=\"single-type single-sorter taxonomy-label\" data-newsslug=\"news\" >\n                                News                            <\/span>\n                                                        <span class=\"single-type single-sorter taxonomy-label\" data-newsslug=\"relacja\" >\n                                Relacja                            <\/span>\n                                                        <span class=\"single-type single-sorter taxonomy-label\" data-newsslug=\"event\" >\n                                Event                            <\/span>\n                                                <\/div>\n                <\/div>\n            <\/div>\n\n            <div class=\"list-itself\" data-poststoshow=\"10\" data-increments=\"10\">\n                        <a class=\"single-post\" href=\"https:\/\/gyncentrum.pl\/en\/aktualnosci\/ivf-artifical-intelligence\/\" data-newsslug=\"news-2\">\n            <div class=\"desc-row\">\n                                    <span class=\"extra-label\">News<\/span>\n                    <span class=\"little-dot\">\u00b7<\/span>\n                                    \n                <span class=\"date\">24 October 2023<\/span>\n            <\/div>\n            <h6 class=\"post-title\">At Gyncentrum Clinics we are using artificial intelligence (AI) for IVF!<\/h6>\n            <div class=\"post-excerpt\">Gyncentrum researchers have developed a proprietary algorithm for evaluating the best-promising embryos in IVF procedures. The use of artificial intelligence in in vitro fertilization procedures is an innovation aimed at increasing their efficiency. At Gyncentrum, we aim to make the algorithm a standard tool for additional evaluation of each embryo before transfer in the future, so that as many couples as possible from Poland and abroad can fulfill their dream of having a child.  <\/div>\n        <\/a>\n                    <\/div>\n                    <div class=\"fz-button light-navy full-width medium-font show-more-button\" >\n        \n        <span class=\"text-itself\">pokaz wi\u0119cej<\/span>\n\n                <\/div>\n                <\/div>\n        <div class=\"side-track\">\n            <div class=\"sticky-wrapper\">\n                <div class=\"types-part sorting-part desktop\">\n                    <span class=\"label\">Tematyka<\/span>\n                    <div class=\"types-wrapper sorting-wrapper \">\n                        <span class=\"single-type single-sorter taxonomy-label selected\" data-newsslug=\"all\">wszystko<\/span>\n                                                    <span class=\"single-type single-sorter taxonomy-label\" data-newsslug=\"news\" >\n                                News                            <\/span>\n                                                        <span class=\"single-type single-sorter taxonomy-label\" data-newsslug=\"relacja\" >\n                                Relacja                            <\/span>\n                                                        <span class=\"single-type single-sorter taxonomy-label\" data-newsslug=\"event\" >\n                                Event                            <\/span>\n                                                <\/div>\n                <\/div>\n                <div class=\"socials-wrapper\">\n                    <span class=\"social-label title--h6\">Obserwuj nas<\/span>\n                    <div class=\"socials-row\">\n                                                    <a href=\"\" class=\"contant-info-wrapper\" target=\"_blank\" rel=\"noopener noreferrer\">\n                                <img decoding=\"async\" width=\"17\" height=\"16\" src=\"https:\/\/gyncentrum.pl\/wp-content\/uploads\/2022\/07\/Social-Media.svg\" class=\"icon lazyload\" alt=\"\" title=\"\">                            <\/a>\n                                                        <a href=\"\" class=\"contant-info-wrapper\" target=\"_blank\" rel=\"noopener noreferrer\">\n                                <img decoding=\"async\" width=\"17\" height=\"12\" src=\"https:\/\/gyncentrum.pl\/wp-content\/uploads\/2022\/07\/Vector_1.svg\" class=\"icon lazyload\" alt=\"\" title=\"\">                            <\/a>\n                                                        <a href=\"\" class=\"contant-info-wrapper\" target=\"_blank\" rel=\"noopener noreferrer\">\n                                <img decoding=\"async\" width=\"17\" height=\"16\" src=\"https:\/\/gyncentrum.pl\/wp-content\/uploads\/2022\/07\/Vector.svg\" class=\"icon lazyload\" alt=\"\" title=\"\">                            <\/a>\n                                                <\/div>\n\n                <\/div>\n                <div class=\"card-part\">\n                    <div class=\"background-wrapper\">\n                        <img decoding=\"async\" width=\"2560\" height=\"1708\" src=\"https:\/\/gyncentrum.pl\/wp-content\/uploads\/2022\/11\/AdobeStock_235603537-scaled-e1669565831252.jpeg\" class=\"lazyload\" alt=\"Program in vitro gyncentrum\" srcset=\"https:\/\/gyncentrum.pl\/wp-content\/uploads\/2022\/11\/AdobeStock_235603537-scaled-e1669565831252.jpeg 2560w, https:\/\/gyncentrum.pl\/wp-content\/uploads\/2022\/11\/AdobeStock_235603537-scaled-e1669565831252-768x512.jpeg 768w, https:\/\/gyncentrum.pl\/wp-content\/uploads\/2022\/11\/AdobeStock_235603537-scaled-e1669565831252-1920x1281.jpeg 1920w, https:\/\/gyncentrum.pl\/wp-content\/uploads\/2022\/11\/AdobeStock_235603537-scaled-e1669565831252-200x133.jpeg 200w, https:\/\/gyncentrum.pl\/wp-content\/uploads\/2022\/11\/AdobeStock_235603537-scaled-e1669565831252-1536x1025.jpeg 1536w, https:\/\/gyncentrum.pl\/wp-content\/uploads\/2022\/11\/AdobeStock_235603537-scaled-e1669565831252-2048x1366.jpeg 2048w, https:\/\/gyncentrum.pl\/wp-content\/uploads\/2022\/11\/AdobeStock_235603537-scaled-e1669565831252-930x620.jpeg 930w, https:\/\/gyncentrum.pl\/wp-content\/uploads\/2022\/11\/AdobeStock_235603537-scaled-e1669565831252-480x320.jpeg 480w\" sizes=\"(max-width: 2560px) 100vw, 2560px\" title=\"\">                    <\/div>\n                    <span class=\"subtitle\">PROGRAM<\/span>\n                    <span class=\"title title--h4\">In Vitro<br>bez ryzyka<br>finansowego<\/span>\n                            <a class=\"fz-button  new-button-style new-color-style-orange-100 new-fill-style-full\" href=\"https:\/\/gyncentrum.pl\/programy-in-vitro\/program-in-vitro-bez-ryzyka-finansowego\/\">\n        \n        <span class=\"text-itself\">Szczeg\u00f3\u0142y programu<\/span>\n\n                <\/a>\n                        <\/div>\n            <\/div>\n        <\/div>\n    <\/div>\n<\/section>\n\n<section id=\"basic-contact-form-block_71502683fd6e02fee0eaa6a620f6fe82\" class=\"block-basic-contact-form  \">\n    <div class=\"container\">\n        <img decoding=\"async\" class=\"heart-dust\" src=\"https:\/\/gyncentrum.pl\/wp-content\/themes\/gyn-centrum\/img\/orange-sketchy-heart-empty.svg\" width=\"28\" height=\"50\" alt=\"\" title=\"\">\n        <div class=\"dust dust-1\"><\/div>\n        <div class=\"dust dust-2\"><\/div>\n        <div class=\"dust dust-3 orange\"><\/div>\n        <div class=\"dust dust-4\"><\/div>\n        <div class=\"dust dust-5\"><\/div>\n        <div class=\"dust dust-6 orange\"><\/div>\n        <div class=\"inner-wrapper\">\n            <div class=\"left-part\">\n                <img decoding=\"async\" src=\"https:\/\/gyncentrum.pl\/wp-content\/themes\/gyn-centrum\/img\/orange-sketchy-heart.svg\" class=\"sketchy-heart\" width=\"28\" height=\"50\" alt=\"\" title=\"\">\n                <h3 class=\"title\"><p><strong>Spe\u0142nijcie<\/strong> marzenie o dziecku! <em>Napiszcie lub zadzwo\u0144cie!<\/em><\/p>\n<\/h3>\n                <a class=\"phone-button\" href=\"tel:325065777\">\n                    <img decoding=\"async\" src=\"https:\/\/gyncentrum.pl\/wp-content\/themes\/gyn-centrum\/img\/phone-icon.svg\" width=\"32\" height=\"33\" alt=\"\" title=\"\">\n                    <span class=\"number-itself\">32 506 57 77 <\/span>\n                <\/a>\n            <\/div>\n            <div class=\"right-part\">\n                                    <div class=\"form-wrapper\" >\n<div class=\"wpcf7 no-js\" id=\"wpcf7-f342-o1\" lang=\"en-US\" dir=\"ltr\" data-wpcf7-id=\"342\">\n<div class=\"screen-reader-response\"><p role=\"status\" aria-live=\"polite\" aria-atomic=\"true\"><\/p> <ul><\/ul><\/div>\n<form action=\"\/en\/wp-json\/wp\/v2\/pages\/27350#wpcf7-f342-o1\" method=\"post\" class=\"wpcf7-form init cf7mls-no-scroll cf7mls-no-moving-animation\" aria-label=\"Contact form\" novalidate=\"novalidate\" data-status=\"init\">\n<fieldset class=\"hidden-fields-container\"><input type=\"hidden\" name=\"_wpcf7\" value=\"342\" \/><input type=\"hidden\" name=\"_wpcf7_version\" value=\"6.1.5\" \/><input type=\"hidden\" name=\"_wpcf7_locale\" value=\"en_US\" \/><input type=\"hidden\" name=\"_wpcf7_unit_tag\" value=\"wpcf7-f342-o1\" \/><input type=\"hidden\" name=\"_wpcf7_container_post\" value=\"0\" \/><input type=\"hidden\" name=\"_wpcf7_posted_data_hash\" value=\"\" \/><input type=\"hidden\" name=\"_wpcf7cf_hidden_group_fields\" value=\"[]\" \/><input type=\"hidden\" name=\"_wpcf7cf_hidden_groups\" value=\"[]\" \/><input type=\"hidden\" name=\"_wpcf7cf_visible_groups\" value=\"[]\" \/><input type=\"hidden\" name=\"_wpcf7cf_repeaters\" value=\"[]\" \/><input type=\"hidden\" name=\"_wpcf7cf_steps\" value=\"{}\" \/><input type=\"hidden\" name=\"_wpcf7cf_options\" value=\"{&quot;form_id&quot;:342,&quot;conditions&quot;:[],&quot;settings&quot;:{&quot;animation&quot;:&quot;yes&quot;,&quot;animation_intime&quot;:200,&quot;animation_outtime&quot;:200,&quot;conditions_ui&quot;:&quot;normal&quot;,&quot;notice_dismissed&quot;:false,&quot;notice_dismissed_update-cf7-5.8.6&quot;:true}}\" \/><input type=\"hidden\" name=\"Service\" value=\"News\" \/><input type=\"hidden\" name=\"_wpcf7_recaptcha_response\" value=\"\" \/>\n<\/fieldset>\n<div class=\"name-wrapper input-wrapper\">\n\t<p><label class=\"name-label\">Imi\u0119<\/label><span class=\"wpcf7-form-control-wrap\" data-name=\"your-name\"><input size=\"40\" maxlength=\"30\" class=\"wpcf7-form-control wpcf7-text wpcf7-validates-as-required\" aria-required=\"true\" aria-invalid=\"false\" value=\"\" type=\"text\" name=\"your-name\" \/><\/span>\n\t<\/p>\n<\/div>\n<div class=\"surname-wrapper input-wrapper\">\n\t<p><label class=\"surname-label\">Nazwisko<\/label><span class=\"wpcf7-form-control-wrap\" data-name=\"surname\"><input size=\"40\" maxlength=\"30\" class=\"wpcf7-form-control wpcf7-text wpcf7-validates-as-required\" aria-required=\"true\" aria-invalid=\"false\" value=\"\" type=\"text\" name=\"surname\" \/><\/span>\n\t<\/p>\n<\/div>\n<div class=\"yourmessage-wrapper input-wrapper\">\n\t<p><label class=\"yourmessage-label\">Twoja wiadomo\u015b\u0107<\/label><span class=\"wpcf7-form-control-wrap\" data-name=\"your-message\"><textarea cols=\"40\" rows=\"10\" maxlength=\"150\" class=\"wpcf7-form-control wpcf7-textarea wpcf7-validates-as-required\" aria-required=\"true\" aria-invalid=\"false\" name=\"your-message\"><\/textarea><\/span>\n\t<\/p>\n<\/div>\n<div class=\"surname-wrapper input-wrapper\">\n\t<p><label class=\"surname-label\">Email<\/label><span class=\"wpcf7-form-control-wrap\" data-name=\"email-658\"><input size=\"40\" maxlength=\"30\" class=\"wpcf7-form-control wpcf7-email wpcf7-text wpcf7-validates-as-email\" aria-invalid=\"false\" value=\"\" type=\"email\" name=\"email-658\" \/><\/span>\n\t<\/p>\n<\/div>\n<p><input class=\"wpcf7-form-control wpcf7-submit has-spinner\" type=\"submit\" value=\"Wy\u015blij wiadomo\u015b\u0107\" \/>\n<\/p><input type='hidden' class='wpcf7-pum' value='{\"closepopup\":false,\"closedelay\":0,\"openpopup\":false,\"openpopup_id\":0}' \/><div class=\"wpcf7-response-output\" aria-hidden=\"true\"><\/div>\n<\/form>\n<\/div>\n<\/div>\n                    \n            <\/div>\n        <\/div>\n\n    <\/div>\n<\/section>\n","protected":false},"excerpt":{"rendered":"","protected":false},"author":24,"featured_media":0,"parent":0,"menu_order":0,"comment_status":"closed","ping_status":"closed","template":"","meta":{"_acf_changed":false,"footnotes":""},"class_list":["post-27350","page","type-page","status-publish","hentry"],"acf":[],"_links":{"self":[{"href":"https:\/\/gyncentrum.pl\/en\/wp-json\/wp\/v2\/pages\/27350","targetHints":{"allow":["GET"]}}],"collection":[{"href":"https:\/\/gyncentrum.pl\/en\/wp-json\/wp\/v2\/pages"}],"about":[{"href":"https:\/\/gyncentrum.pl\/en\/wp-json\/wp\/v2\/types\/page"}],"author":[{"embeddable":true,"href":"https:\/\/gyncentrum.pl\/en\/wp-json\/wp\/v2\/users\/24"}],"replies":[{"embeddable":true,"href":"https:\/\/gyncentrum.pl\/en\/wp-json\/wp\/v2\/comments?post=27350"}],"version-history":[{"count":5,"href":"https:\/\/gyncentrum.pl\/en\/wp-json\/wp\/v2\/pages\/27350\/revisions"}],"predecessor-version":[{"id":41058,"href":"https:\/\/gyncentrum.pl\/en\/wp-json\/wp\/v2\/pages\/27350\/revisions\/41058"}],"wp:attachment":[{"href":"https:\/\/gyncentrum.pl\/en\/wp-json\/wp\/v2\/media?parent=27350"}],"curies":[{"name":"wp","href":"https:\/\/api.w.org\/{rel}","templated":true}]}}