{"id":34363,"date":"2024-02-16T07:44:51","date_gmt":"2024-02-16T07:44:51","guid":{"rendered":"https:\/\/gyncentrum.pl\/?page_id=34363"},"modified":"2026-03-27T13:39:25","modified_gmt":"2026-03-27T13:39:25","slug":"why-us","status":"publish","type":"page","link":"https:\/\/gyncentrum.pl\/en\/why-us\/","title":{"rendered":"Why us?"},"content":{"rendered":"\n<section id=\"hero-block_cd353f488e3b854a94a040b560596366\" class=\"block-hero \">\n    <div class=\"background-wrapper\">\n        <img decoding=\"async\" width=\"1920\" height=\"1281\" src=\"https:\/\/gyncentrum.pl\/wp-content\/uploads\/2023\/12\/high-angle-shot-of-a-happy-mother-and-father-takin-2023-11-27-05-03-28-utc-1920x1281.jpg\" class=\"background-image\" alt=\"\" loading=\"eager\" fetchpriority=\"high\" srcset=\"https:\/\/gyncentrum.pl\/wp-content\/uploads\/2023\/12\/high-angle-shot-of-a-happy-mother-and-father-takin-2023-11-27-05-03-28-utc-1920x1281.jpg 1920w, https:\/\/gyncentrum.pl\/wp-content\/uploads\/2023\/12\/high-angle-shot-of-a-happy-mother-and-father-takin-2023-11-27-05-03-28-utc-768x513.jpg 768w, https:\/\/gyncentrum.pl\/wp-content\/uploads\/2023\/12\/high-angle-shot-of-a-happy-mother-and-father-takin-2023-11-27-05-03-28-utc-200x133.jpg 200w, https:\/\/gyncentrum.pl\/wp-content\/uploads\/2023\/12\/high-angle-shot-of-a-happy-mother-and-father-takin-2023-11-27-05-03-28-utc-1536x1025.jpg 1536w, https:\/\/gyncentrum.pl\/wp-content\/uploads\/2023\/12\/high-angle-shot-of-a-happy-mother-and-father-takin-2023-11-27-05-03-28-utc-2048x1367.jpg 2048w, https:\/\/gyncentrum.pl\/wp-content\/uploads\/2023\/12\/high-angle-shot-of-a-happy-mother-and-father-takin-2023-11-27-05-03-28-utc-930x621.jpg 930w, https:\/\/gyncentrum.pl\/wp-content\/uploads\/2023\/12\/high-angle-shot-of-a-happy-mother-and-father-takin-2023-11-27-05-03-28-utc-480x320.jpg 480w\" sizes=\"(max-width: 1920px) 100vw, 1920px\" title=\"\">            <\/div>\n    <div class=\"container\">\n        <div class=\"row\">\n            <div class=\"col-12 col-md-6 col-lg-5\">\n                <h1 class=\"title\">\n                    <span class=\"first-line\"> Why to choose Gyncentrum?<\/span>\n                    <span class=\"rest-of-lines\">IVF Clinic in Poland <img decoding=\"async\" src=\"https:\/\/gyncentrum.pl\/wp-content\/themes\/gyn-centrum\/img\/orange-heart.svg\" width=\"53\" height=\"49\" alt=\"\" title=\"\"><\/span>\n                <\/h1>\n                <div class=\"text\"><p>At Gyncentrum we have experienced specialists who provide personalized treatment plans tailored to individual needs, ensuring the best possible chance of become a parent.<\/p>\n<\/div>\n            <\/div>\n            <div class=\"col-12\">\n                <div class=\"buttons-wrapper\">\n                            <a class=\"fz-button  new-button-style new-color-style-navy-100 new-fill-style-full\" href=\"#pop-up-first-visit-infertility-newv1\">\n        \n        <span class=\"text-itself\">Make an appointment<\/span>\n\n                <\/a>\n        \n                    \n                        <span class=\"separator\">or<\/span>\n\n                        \n                                                            <a class=\"fz-button  new-button-style new-color-style-orange-100 new-fill-style-full\" href=\"tel:+48600466592\">\n        \n        <span class=\"text-itself\">Contact us! <\/span>\n\n                <\/a>\n                                                    \n                <\/div>\n            <\/div>\n        <\/div>\n\n    <\/div>\n\n<\/section>\n\n\n\n<section id=\"content-block_b784f691db5db8fee57481514d673f17\" class=\"block-content image-left   hide-dust\">\n        <div class=\"container\">\n        <div class=\"text-part\">\n            <div class=\"subtitle-wrapper\">\n                <div class=\"icon-wrapper\">\n                    <img decoding=\"async\" width=\"42\" height=\"41\" src=\"https:\/\/gyncentrum.pl\/wp-content\/uploads\/2022\/10\/orange-sketchy-heart.svg\" class=\"subtitle-icon lazyload\" alt=\"\" title=\"\">\n                <\/div>\n                <span class=\"subtitle text--t3\">Visit us at Cracow! <\/span>\n\n            <\/div>\n            <h3 class=\"title\"><p>Let your dreams come true!<\/p>\n<\/h3>\n            <div class=\"text text--t1\"><p>We are one of the <strong>largest and well-known IVF clinic in Poland<\/strong>. With over <strong>20 years of experience.<\/strong> Thousands of babies have been born thanks to our efforts and expertise! We work only with the most experienced specialists whom we can trust to make every effort<strong> to help you become a parent. <\/strong><\/p>\n<p>And we are located in the one of the most beautiful cities in the Europe!<\/p>\n<\/div>\n                    <a class=\"fz-button  new-button-style new-color-style-orange-100 new-fill-style-full\" href=\"#pop-up-first-visit-infertility-newv1\">\n        \n        <span class=\"text-itself\">Make an appointment<\/span>\n\n                <\/a>\n        \n        <\/div>\n                    <div class=\"image-part\">\n                <img decoding=\"async\" class=\"heart-dust\" src=\"https:\/\/gyncentrum.pl\/wp-content\/themes\/gyn-centrum\/img\/orange-sketchy-heart-empty.svg\" width=\"28\" height=\"50\" alt=\"\" title=\"\">\n                <img decoding=\"async\" class=\"heart-dust-crocked\" src=\"https:\/\/gyncentrum.pl\/wp-content\/themes\/gyn-centrum\/img\/orange-sketchy-crocked-heart.svg\" width=\"42\" height=\"37\" alt=\"\" title=\"\">\n                <div class=\"dust dust-1\"><\/div>\n                <div class=\"dust dust-2\"><\/div>\n                <div class=\"dust dust-3 orange\"><\/div>\n                <div class=\"dust dust-4\"><\/div>\n                <div class=\"dust dust-5\"><\/div>\n                <div class=\"dust dust-6 orange\"><\/div>\n                <img decoding=\"async\" width=\"1731\" height=\"1155\" src=\"https:\/\/gyncentrum.pl\/wp-content\/uploads\/2022\/11\/maly-banner.jpg\" class=\"side-image lazyload\" alt=\"\" srcset=\"https:\/\/gyncentrum.pl\/wp-content\/uploads\/2022\/11\/maly-banner.jpg 1731w, https:\/\/gyncentrum.pl\/wp-content\/uploads\/2022\/11\/maly-banner-768x512.jpg 768w, https:\/\/gyncentrum.pl\/wp-content\/uploads\/2022\/11\/maly-banner-200x133.jpg 200w, https:\/\/gyncentrum.pl\/wp-content\/uploads\/2022\/11\/maly-banner-1536x1025.jpg 1536w, https:\/\/gyncentrum.pl\/wp-content\/uploads\/2022\/11\/maly-banner-930x621.jpg 930w, https:\/\/gyncentrum.pl\/wp-content\/uploads\/2022\/11\/maly-banner-480x320.jpg 480w\" sizes=\"(max-width: 1731px) 100vw, 1731px\" title=\"\">            <\/div>\n                <\/div>\n<\/section>\n\n\n\n<section id=\"features-block_2d3148cfd345a53860d7eda0b0721fd6\" class=\"block-features  centered-content- color-style-light\">\n    <div class=\"container\">\n                    <div class=\"row\">\n                <div class=\"col-12 col-md-4 col-xl-6 title-part\">\n                                            <span class=\"subtitle text--t3\">A few reasons why it&#8217;s worth trusting us.<\/span>\n                                            <h3 class=\"title\"><p>Let&#8217;s start your journey to parenthood!<\/p>\n<\/h3>\n                <\/div>\n                                    <div class=\"col-12 col-md-8 col-xl-6 text-part\">\n                        <div class=\"text text--t1\"><p>Infertility treatment tailored to your needs.<\/p>\n<\/div>\n                    <\/div>\n                                    \n                \n            <\/div>\n            <div class=\"row points-grid\">\n                                    <div class=\"col-6 col-lg-4 single-point\" >\n                        <div class=\"icon-wrapper\">\n                            <img decoding=\"async\" width=\"42\" height=\"41\" src=\"https:\/\/gyncentrum.pl\/wp-content\/uploads\/2022\/10\/orange-sketchy-heart.svg\" class=\"icon lazyload\" alt=\"\" title=\"\">\n                        <\/div>\n                        <span class=\"point-title title--h6\">Years of experience<\/span>\n                        <div class=\"point-text text--t2\"><p>Our clinic has over 20 years of experience in infertility treatment.<\/p>\n<\/div>\n                        \n                    <\/div>\n                                        <div class=\"col-6 col-lg-4 single-point\" >\n                        <div class=\"icon-wrapper\">\n                            <img decoding=\"async\" width=\"42\" height=\"41\" src=\"https:\/\/gyncentrum.pl\/wp-content\/uploads\/2022\/10\/orange-sketchy-heart.svg\" class=\"icon lazyload\" alt=\"\" title=\"\">\n                        <\/div>\n                        <span class=\"point-title title--h6\">Cutting-edge technology<\/span>\n                        <div class=\"point-text text--t2\"><p>We focus on innovation and continuous development.<\/p>\n<\/div>\n                        \n                    <\/div>\n                                        <div class=\"col-6 col-lg-4 single-point\" >\n                        <div class=\"icon-wrapper\">\n                            <img decoding=\"async\" width=\"42\" height=\"41\" src=\"https:\/\/gyncentrum.pl\/wp-content\/uploads\/2022\/10\/orange-sketchy-heart.svg\" class=\"icon lazyload\" alt=\"\" title=\"\">\n                        <\/div>\n                        <span class=\"point-title title--h6\">Cell bank<\/span>\n                        <div class=\"point-text text--t2\"><p>We own one of the largest cell bank in Eastern Europe.<\/p>\n<\/div>\n                        \n                    <\/div>\n                                        <div class=\"col-6 col-lg-4 single-point\" >\n                        <div class=\"icon-wrapper\">\n                            <img decoding=\"async\" width=\"42\" height=\"41\" src=\"https:\/\/gyncentrum.pl\/wp-content\/uploads\/2022\/10\/orange-sketchy-heart.svg\" class=\"icon lazyload\" alt=\"\" title=\"\">\n                        <\/div>\n                        <span class=\"point-title title--h6\">Genetic Laboratory<\/span>\n                        <div class=\"point-text text--t2\"><p>We have our own genetic laboatory. All of the tests you can have in one place!<\/p>\n<\/div>\n                        \n                    <\/div>\n                                        <div class=\"col-6 col-lg-4 single-point\" >\n                        <div class=\"icon-wrapper\">\n                            <img decoding=\"async\" width=\"42\" height=\"41\" src=\"https:\/\/gyncentrum.pl\/wp-content\/uploads\/2022\/10\/orange-sketchy-heart.svg\" class=\"icon lazyload\" alt=\"\" title=\"\">\n                        <\/div>\n                        <span class=\"point-title title--h6\">Pleasant doctors<\/span>\n                        <div class=\"point-text text--t2\"><p>Our infertility doctors are not only experienced specialists with incredible knowledge, but also really nice and friendly people.<\/p>\n<\/div>\n                        \n                    <\/div>\n                                <\/div>\n            <div class=\"points-slider\">\n                <div class=\"swiper-wrapper\">\n                                            <div class=\"single-point swiper-slide\">\n                            <div class=\"icon-wrapper\">\n                                <img decoding=\"async\" width=\"42\" height=\"41\" src=\"https:\/\/gyncentrum.pl\/wp-content\/uploads\/2022\/10\/orange-sketchy-heart.svg\" class=\"attachment-image-sm size-image-sm\" alt=\"\" title=\"\">\n                            <\/div>\n                            <span class=\"point-title title--h6\">Years of experience<\/span>\n                            <div class=\"point-text text--t2\"><p>Our clinic has over 20 years of experience in infertility treatment.<\/p>\n<\/div>\n                            \n                        <\/div>\n                                                <div class=\"single-point swiper-slide\">\n                            <div class=\"icon-wrapper\">\n                                <img decoding=\"async\" width=\"42\" height=\"41\" src=\"https:\/\/gyncentrum.pl\/wp-content\/uploads\/2022\/10\/orange-sketchy-heart.svg\" class=\"attachment-image-sm size-image-sm\" alt=\"\" title=\"\">\n                            <\/div>\n                            <span class=\"point-title title--h6\">Cutting-edge technology<\/span>\n                            <div class=\"point-text text--t2\"><p>We focus on innovation and continuous development.<\/p>\n<\/div>\n                            \n                        <\/div>\n                                                <div class=\"single-point swiper-slide\">\n                            <div class=\"icon-wrapper\">\n                                <img decoding=\"async\" width=\"42\" height=\"41\" src=\"https:\/\/gyncentrum.pl\/wp-content\/uploads\/2022\/10\/orange-sketchy-heart.svg\" class=\"attachment-image-sm size-image-sm\" alt=\"\" title=\"\">\n                            <\/div>\n                            <span class=\"point-title title--h6\">Cell bank<\/span>\n                            <div class=\"point-text text--t2\"><p>We own one of the largest cell bank in Eastern Europe.<\/p>\n<\/div>\n                            \n                        <\/div>\n                                                <div class=\"single-point swiper-slide\">\n                            <div class=\"icon-wrapper\">\n                                <img decoding=\"async\" width=\"42\" height=\"41\" src=\"https:\/\/gyncentrum.pl\/wp-content\/uploads\/2022\/10\/orange-sketchy-heart.svg\" class=\"attachment-image-sm size-image-sm\" alt=\"\" title=\"\">\n                            <\/div>\n                            <span class=\"point-title title--h6\">Genetic Laboratory<\/span>\n                            <div class=\"point-text text--t2\"><p>We have our own genetic laboatory. All of the tests you can have in one place!<\/p>\n<\/div>\n                            \n                        <\/div>\n                                                <div class=\"single-point swiper-slide\">\n                            <div class=\"icon-wrapper\">\n                                <img decoding=\"async\" width=\"42\" height=\"41\" src=\"https:\/\/gyncentrum.pl\/wp-content\/uploads\/2022\/10\/orange-sketchy-heart.svg\" class=\"attachment-image-sm size-image-sm\" alt=\"\" title=\"\">\n                            <\/div>\n                            <span class=\"point-title title--h6\">Pleasant doctors<\/span>\n                            <div class=\"point-text text--t2\"><p>Our infertility doctors are not only experienced specialists with incredible knowledge, but also really nice and friendly people.<\/p>\n<\/div>\n                            \n                        <\/div>\n                                        <\/div>\n                <div class=\"arrows-wrapper\">\n                    <div class=\"nav-arrows arrow-left lazyload\">\n                        <img decoding=\"async\" src=\"https:\/\/gyncentrum.pl\/wp-content\/themes\/gyn-centrum\/img\/button-arrow-navy.svg\" width=\"22\" height=\"14\" alt=\"\" title=\"\">\n                    <\/div>\n                    <div class=\"nav-arrows arrow-right lazyload\">\n                        <img decoding=\"async\" src=\"https:\/\/gyncentrum.pl\/wp-content\/themes\/gyn-centrum\/img\/button-arrow-navy.svg\" width=\"22\" height=\"14\" alt=\"\" title=\"\">\n                    <\/div>\n                <\/div>\n            <\/div>\n            \n                            <div class=\"buttons-wrapper\">\n                            <a class=\"fz-button  new-button-style new-color-style-orange-100 new-fill-style-full\" href=\"https:\/\/gyncentrum.pl\/en\/ivf-imsi-packages\">\n        \n        <span class=\"text-itself\">Learn more about our offer!<\/span>\n\n                <\/a>\n                        <\/div>\n                    <\/div>\n<\/section>\n\n\n\n<section id=\"simplest-cta-block_611460ee6d7fe9c56ae8065fcbe068ef\" class=\"block-simplest-cta  color-style-dark \">\n    <div class=\"container\">\n        <div class=\"inner-wrapper\">\n                            <div class=\"icon-wrapper\">\n                    \n                <\/div>\n                                <h3 class=\"title\"><p>Want to learn more about our clinic and treatment plans?<\/p>\n<\/h3>\n                                <div class=\"text\"><h4>Don&#8217;t wait and contact us!<\/h4>\n<\/div>\n                            <div class=\"contact-wrapper\">\n                                    <a class=\"phone-link\" href=\"tel:+48600466592\">\n                        <img decoding=\"async\" src=\"https:\/\/gyncentrum.pl\/wp-content\/themes\/gyn-centrum\/img\/phone-icon.svg\" alt=\"phone\" height=\"32\" width=\"33\" title=\"\">\n                        <span class=\"number\">+48600466592<\/span>\n                    <\/a>\n                                                        <a class=\"email-address\" href=\"mailto:office@gyncentrum.pl\">\n                        <img decoding=\"async\" src=\"https:\/\/gyncentrum.pl\/wp-content\/themes\/gyn-centrum\/img\/mail-box.svg\" alt=\"phone\" height=\"22\" width=\"32\" title=\"\">\n                        <span class=\"address\">office@gyncentrum.pl<\/span>\n                    <\/a>\n                                <\/div>\n        <\/div>\n\n    <\/div>\n<\/section>\n\n\n\n    <section id=\"pop-up-block_d95865df65da5f6d603a9818a8004416\"\n             class=\"block-pop-up  type-halfbyhalf color-style-light\">\n        <div id=\"first-visit-infertility-newv1\" class=\"pop-up closed\">\n            <div class=\"container\">\n                <div class=\"inner-wrapper\">\n                    <img decoding=\"async\" src=\"https:\/\/gyncentrum.pl\/wp-content\/themes\/gyn-centrum\/img\/close-cross.svg\" alt=\"\" class=\"close-cross lazyload\" width=\"12\" height=\"12\" title=\"\">\n\n                    <div class=\"content-wrapper\">\n\n                                                <h2                        class=\"title\"><p>Schedule a<strong> <span style=\"color: orange;\">\u00a0consultation <\/span><\/strong>with our specialist!<\/p>\n                    <\/h2>\n                                            <div class=\"text\"><\/div>\n                                            <div class=\"contact-wrapper\">\n                                                    <a class=\"phone-link\" href=\"tel:+48600466592\">\n                                <img decoding=\"async\" src=\"https:\/\/gyncentrum.pl\/wp-content\/themes\/gyn-centrum\/img\/phone-icon.svg\" alt=\"phone\" height=\"32\" width=\"33\" title=\"\">\n                                <span class=\"number\">+48 600 466 592<\/span>\n                            <\/a>\n                                                                        <\/div>\n                <\/div>\n\n\n                                    <div class=\"form-wrapper\">\n                        \n<div class=\"wpcf7 no-js\" id=\"wpcf7-f40917-o1\" lang=\"pl-PL\" dir=\"ltr\" data-wpcf7-id=\"40917\">\n<div class=\"screen-reader-response\"><p role=\"status\" aria-live=\"polite\" aria-atomic=\"true\"><\/p> <ul><\/ul><\/div>\n<form action=\"\/en\/wp-json\/wp\/v2\/pages\/34363#wpcf7-f40917-o1\" method=\"post\" class=\"wpcf7-form init cf7mls-no-scroll cf7mls-no-moving-animation\" aria-label=\"Formularz kontaktowy\" novalidate=\"novalidate\" data-status=\"init\">\n<fieldset class=\"hidden-fields-container\"><input type=\"hidden\" name=\"_wpcf7\" value=\"40917\" \/><input type=\"hidden\" name=\"_wpcf7_version\" value=\"6.1.5\" \/><input type=\"hidden\" name=\"_wpcf7_locale\" value=\"pl_PL\" \/><input type=\"hidden\" name=\"_wpcf7_unit_tag\" value=\"wpcf7-f40917-o1\" \/><input type=\"hidden\" name=\"_wpcf7_container_post\" value=\"0\" \/><input type=\"hidden\" name=\"_wpcf7_posted_data_hash\" value=\"\" \/><input type=\"hidden\" name=\"_wpcf7cf_hidden_group_fields\" value=\"[]\" \/><input type=\"hidden\" name=\"_wpcf7cf_hidden_groups\" value=\"[]\" \/><input type=\"hidden\" name=\"_wpcf7cf_visible_groups\" value=\"[]\" \/><input type=\"hidden\" name=\"_wpcf7cf_repeaters\" value=\"[]\" \/><input type=\"hidden\" name=\"_wpcf7cf_steps\" value=\"{}\" \/><input type=\"hidden\" name=\"_wpcf7cf_options\" value=\"{&quot;form_id&quot;:40917,&quot;conditions&quot;:[],&quot;settings&quot;:{&quot;animation&quot;:&quot;yes&quot;,&quot;animation_intime&quot;:200,&quot;animation_outtime&quot;:200,&quot;conditions_ui&quot;:&quot;normal&quot;,&quot;notice_dismissed&quot;:false,&quot;notice_dismissed_update-cf7-5.8.6&quot;:true}}\" \/><input type=\"hidden\" name=\"Service\" value=\"Why us?\" \/><input type=\"hidden\" name=\"_wpcf7_recaptcha_response\" value=\"\" \/>\n<\/fieldset>\n<div class=\"name-wrapper input-wrapper\">\n\t<p><label class=\"name-label\">First Name<\/label><span class=\"wpcf7-form-control-wrap\" data-name=\"Name\"><input size=\"40\" maxlength=\"30\" class=\"wpcf7-form-control wpcf7-text wpcf7-validates-as-required\" aria-required=\"true\" aria-invalid=\"false\" value=\"\" type=\"text\" name=\"Name\" \/><\/span>\n\t<\/p>\n<\/div>\n<div class=\"surname-wrapper input-wrapper\">\n\t<p><label class=\"name-label\">Last Name<\/label><span class=\"wpcf7-form-control-wrap\" data-name=\"Surname\"><input size=\"40\" maxlength=\"30\" class=\"wpcf7-form-control wpcf7-text wpcf7-validates-as-required\" aria-required=\"true\" aria-invalid=\"false\" value=\"\" type=\"text\" name=\"Surname\" \/><\/span>\n\t<\/p>\n<\/div>\n<div class=\"nrtelefonu-wrapper input-wrapper\">\n\t<p><label class=\"nrtelefonu-label\">Phone Number<\/label><span class=\"wpcf7-form-control-wrap\" data-name=\"PhoneNumber\"><input size=\"40\" maxlength=\"15\" class=\"wpcf7-form-control wpcf7-phonetext wpcf7-validates-as-required wpcf7-text wpcf7-validates-as-phonetext\" aria-required=\"true\" aria-invalid=\"false\" placeholder=\"\" value=\"\" type=\"text\" name=\"PhoneNumber\" \/><input type=\"hidden\" name=\"PhoneNumber-country-code\" class=\"wpcf7-phonetext-country-code\" \/><\/span>\n\t<\/p>\n<\/div>\n<div class=\"surname-wrapper input-wrapper\">\n\t<p><label class=\"surname-label\">Email<\/label><span class=\"wpcf7-form-control-wrap\" data-name=\"Email\"><input size=\"40\" maxlength=\"30\" class=\"wpcf7-form-control wpcf7-email wpcf7-text wpcf7-validates-as-email\" aria-invalid=\"false\" value=\"\" type=\"email\" name=\"Email\" \/><\/span>\n\t<\/p>\n<\/div>\n<div class=\"localization-wrapper input-wrapper\">\n\t<p><span class=\"wpcf7-form-control-wrap\" data-name=\"Localization\"><select class=\"wpcf7-form-control wpcf7-select wpcf7-validates-as-required\" aria-required=\"true\" aria-invalid=\"false\" name=\"Localization\"><option value=\"\">&#8212;Prosz\u0119 wybra\u0107 opcj\u0119&#8212;<\/option><option value=\"Online\">Online<\/option><option value=\"Katowice\">Katowice<\/option><option value=\"Krak\u00f3w\">Krak\u00f3w<\/option><option value=\"Bielsko-Bia\u0142a\">Bielsko-Bia\u0142a<\/option><option value=\"Cz\u0119stochowa\">Cz\u0119stochowa<\/option><option value=\"Lublin\">Lublin<\/option><option value=\"Pozna\u0144\">Pozna\u0144<\/option><option value=\"Warszawa\">Warszawa<\/option><option value=\"Wroc\u0142aw\">Wroc\u0142aw<\/option><\/select><\/span>\n\t<\/p>\n<\/div>\n<p><span class=\"wpcf7-form-control-wrap\" data-name=\"Checkbox1\"><span class=\"wpcf7-form-control wpcf7-acceptance\"><span class=\"wpcf7-list-item\"><label><input type=\"checkbox\" name=\"Checkbox1\" value=\"1\" aria-invalid=\"false\" \/><span class=\"wpcf7-list-item-label\">I confirm that I have read the Privacy Policy of Gyncentrum Sp. z o. o.<\/span><\/label><\/span><\/span><\/span>\n<\/p>\n<p><input class=\"wpcf7-form-control wpcf7-submit has-spinner\" type=\"submit\" value=\"Send\" \/>\n<\/p><input type='hidden' class='wpcf7-pum' value='{\"closepopup\":false,\"closedelay\":0,\"openpopup\":false,\"openpopup_id\":0}' \/><div class=\"wpcf7-response-output\" aria-hidden=\"true\"><\/div>\n<\/form>\n<\/div>\n                    <\/div>\n                                    <div class=\"thanks-wrapper\">\n                    <div class=\"icon-wrapper\">\n                        \n                    <\/div>\n                                            <h3 class=\"title\">Thank you for filling out the form<\/h3>\n                                                <div class=\"text\"><p>We will contact you shortly to schedule a convenient appointment.<\/p>\n<\/div>\n                                        <\/div>\n            <\/div>\n\n        <\/div>\n        <\/div>\n    <\/section>\n","protected":false},"excerpt":{"rendered":"","protected":false},"author":19,"featured_media":0,"parent":0,"menu_order":0,"comment_status":"closed","ping_status":"closed","template":"","meta":{"_acf_changed":false,"footnotes":""},"class_list":["post-34363","page","type-page","status-publish","hentry"],"acf":[],"_links":{"self":[{"href":"https:\/\/gyncentrum.pl\/en\/wp-json\/wp\/v2\/pages\/34363","targetHints":{"allow":["GET"]}}],"collection":[{"href":"https:\/\/gyncentrum.pl\/en\/wp-json\/wp\/v2\/pages"}],"about":[{"href":"https:\/\/gyncentrum.pl\/en\/wp-json\/wp\/v2\/types\/page"}],"author":[{"embeddable":true,"href":"https:\/\/gyncentrum.pl\/en\/wp-json\/wp\/v2\/users\/19"}],"replies":[{"embeddable":true,"href":"https:\/\/gyncentrum.pl\/en\/wp-json\/wp\/v2\/comments?post=34363"}],"version-history":[{"count":68,"href":"https:\/\/gyncentrum.pl\/en\/wp-json\/wp\/v2\/pages\/34363\/revisions"}],"predecessor-version":[{"id":48766,"href":"https:\/\/gyncentrum.pl\/en\/wp-json\/wp\/v2\/pages\/34363\/revisions\/48766"}],"wp:attachment":[{"href":"https:\/\/gyncentrum.pl\/en\/wp-json\/wp\/v2\/media?parent=34363"}],"curies":[{"name":"wp","href":"https:\/\/api.w.org\/{rel}","templated":true}]}}