{"id":36645,"date":"2024-03-06T12:11:50","date_gmt":"2024-03-06T12:11:50","guid":{"rendered":"https:\/\/gyncentrum.pl\/?page_id=36645"},"modified":"2024-03-06T12:13:37","modified_gmt":"2024-03-06T12:13:37","slug":"%d0%ba%d1%80%d0%b0%d0%ba%d1%96%d0%b2","status":"publish","type":"page","link":"https:\/\/gyncentrum.pl\/uk\/%d0%ba%d1%80%d0%b0%d0%ba%d1%96%d0%b2\/","title":{"rendered":"\u041a\u0440\u0430\u043a\u0456\u0432"},"content":{"rendered":"\n<section id=\"hero-block_a490c78f7c2d07e2412fbb0d09657c2c\" class=\"block-hero \">\n    <div class=\"background-wrapper\">\n        <img decoding=\"async\" width=\"1920\" height=\"1280\" src=\"https:\/\/gyncentrum.pl\/wp-content\/uploads\/2022\/11\/krakow-poland-view-1920x1280.jpg\" class=\"background-image\" alt=\"\" loading=\"eager\" fetchpriority=\"high\" srcset=\"https:\/\/gyncentrum.pl\/wp-content\/uploads\/2022\/11\/krakow-poland-view-1920x1280.jpg 1920w, https:\/\/gyncentrum.pl\/wp-content\/uploads\/2022\/11\/krakow-poland-view-768x512.jpg 768w, https:\/\/gyncentrum.pl\/wp-content\/uploads\/2022\/11\/krakow-poland-view-200x133.jpg 200w, https:\/\/gyncentrum.pl\/wp-content\/uploads\/2022\/11\/krakow-poland-view-1536x1024.jpg 1536w, https:\/\/gyncentrum.pl\/wp-content\/uploads\/2022\/11\/krakow-poland-view-2048x1365.jpg 2048w, https:\/\/gyncentrum.pl\/wp-content\/uploads\/2022\/11\/krakow-poland-view-930x620.jpg 930w, https:\/\/gyncentrum.pl\/wp-content\/uploads\/2022\/11\/krakow-poland-view-480x320.jpg 480w\" sizes=\"(max-width: 1920px) 100vw, 1920px\" title=\"\">            <\/div>\n    <div class=\"container\">\n        <div class=\"row\">\n            <div class=\"col-12 col-md-6 col-lg-5\">\n                <h1 class=\"title\">\n                    <span class=\"first-line\">\u041a\u0420\u0410\u041a\u0406\u0412:<\/span>\n                    <span class=\"rest-of-lines\">\u0422\u0430\u043a \u0431\u0430\u0433\u0430\u0442\u043e \u043f\u043e\u0434\u0438\u0432\u0438\u0442\u0438\u0441\u044f! <img decoding=\"async\" src=\"https:\/\/gyncentrum.pl\/wp-content\/themes\/gyn-centrum\/img\/orange-heart.svg\" width=\"53\" height=\"49\" alt=\"\" title=\"\"><\/span>\n                <\/h1>\n                <div class=\"text\"><p>\u041a\u0440\u0430\u043a\u0456\u0432, \u041f\u043e\u043b\u044c\u0449\u0430, \u0454 \u0437\u0430\u0445\u043e\u043f\u043b\u044e\u044e\u0447\u0438\u043c \u043f\u043e\u0454\u0434\u043d\u0430\u043d\u043d\u044f\u043c \u0431\u0430\u0433\u0430\u0442\u043e\u0457 \u0456\u0441\u0442\u043e\u0440\u0456\u0457, \u044f\u0441\u043a\u0440\u0430\u0432\u043e\u0457 \u043a\u0443\u043b\u044c\u0442\u0443\u0440\u0438 \u0442\u0430 \u0430\u0440\u0445\u0456\u0442\u0435\u043a\u0442\u0443\u0440\u043d\u043e\u0457 \u043a\u0440\u0430\u0441\u0438, \u0449\u043e \u0440\u043e\u0431\u0438\u0442\u044c \u0439\u043e\u0433\u043e \u043c\u0456\u0441\u0446\u0435\u043c, \u044f\u043a\u0435 \u0432\u0430\u0440\u0442\u043e \u0432\u0456\u0434\u0432\u0456\u0434\u0430\u0442\u0438 \u043c\u0430\u043d\u0434\u0440\u0456\u0432\u043d\u0438\u043a\u0430\u043c \u0443 \u0432\u0441\u044c\u043e\u043c\u0443 \u0441\u0432\u0456\u0442\u0456.<\/p>\n<\/div>\n            <\/div>\n            <div class=\"col-12\">\n                <div class=\"buttons-wrapper\">\n                            <a class=\"fz-button  new-button-style new-color-style-navy-100 new-fill-style-full\" href=\"https:\/\/gyncentrum.pl\/en\/gyncentrum-clinics\/gyncentrum-cracow\/\">\n        \n        <span class=\"text-itself\">Visit our clinic in Cracow<\/span>\n\n                <\/a>\n        \n                    \n                        <span class=\"separator\">lub<\/span>\n\n                        \n                                                            <a class=\"fz-button  new-button-style new-color-style-orange-100 new-fill-style-full\" href=\"tel:+48600466592\">\n        \n        <span class=\"text-itself\">Call us!<\/span>\n\n                <\/a>\n                                                    \n                <\/div>\n            <\/div>\n        <\/div>\n\n    <\/div>\n\n<\/section>\n\n\n\n<section id=\"content-block_ab81c7640e5cbc51944b3f489d461f27\" class=\"block-content image-left   hide-dust\">\n        <div class=\"container\">\n        <div class=\"text-part\">\n            <div class=\"subtitle-wrapper\">\n                <div class=\"icon-wrapper\">\n                    <img decoding=\"async\" width=\"512\" height=\"512\" src=\"https:\/\/gyncentrum.pl\/wp-content\/uploads\/2024\/02\/sparkles_7434844new.svg\" class=\"subtitle-icon lazyload\" alt=\"\" title=\"\">\n                <\/div>\n                <span class=\"subtitle text--t3\">WAWEL CASTLE<\/span>\n\n            <\/div>\n            <h3 class=\"title\"><p><strong>Historical Treasures<\/strong><\/p>\n<\/h3>\n            <div class=\"text text--t1\"><p>As one of Poland&#8217;s oldest cities, Krakow boasts a wealth of historical landmarks, including the UNESCO-listed Wawel Castle, the stunning Cloth Hall in the Main Market Square, and the poignant remnants of the Jewish Quarter in Kazimierz. Each site tells a story of Krakow&#8217;s storied past, from its medieval origins to its role as Poland&#8217;s cultural capital.<\/p>\n<p>&nbsp;<\/p>\n<\/div>\n                    <a class=\"fz-button  new-button-style new-color-style-orange-100 new-fill-style-full\" href=\"tel:+48600466592\">\n        \n        <span class=\"text-itself\">Let&#8217;s meet in Cracow!<\/span>\n\n                <\/a>\n        \n        <\/div>\n                    <div class=\"image-part\">\n                <img decoding=\"async\" class=\"heart-dust\" src=\"https:\/\/gyncentrum.pl\/wp-content\/themes\/gyn-centrum\/img\/orange-sketchy-heart-empty.svg\" width=\"28\" height=\"50\" alt=\"\" title=\"\">\n                <img decoding=\"async\" class=\"heart-dust-crocked\" src=\"https:\/\/gyncentrum.pl\/wp-content\/themes\/gyn-centrum\/img\/orange-sketchy-crocked-heart.svg\" width=\"42\" height=\"37\" alt=\"\" title=\"\">\n                <div class=\"dust dust-1\"><\/div>\n                <div class=\"dust dust-2\"><\/div>\n                <div class=\"dust dust-3 orange\"><\/div>\n                <div class=\"dust dust-4\"><\/div>\n                <div class=\"dust dust-5\"><\/div>\n                <div class=\"dust dust-6 orange\"><\/div>\n                <img decoding=\"async\" width=\"2560\" height=\"1584\" src=\"https:\/\/gyncentrum.pl\/wp-content\/uploads\/2024\/02\/aerial-view-of-wawel-castle-in-krakow-poland-scaled.jpg\" class=\"side-image lazyload\" alt=\"\" srcset=\"https:\/\/gyncentrum.pl\/wp-content\/uploads\/2024\/02\/aerial-view-of-wawel-castle-in-krakow-poland-scaled.jpg 2560w, https:\/\/gyncentrum.pl\/wp-content\/uploads\/2024\/02\/aerial-view-of-wawel-castle-in-krakow-poland-768x475.jpg 768w, https:\/\/gyncentrum.pl\/wp-content\/uploads\/2024\/02\/aerial-view-of-wawel-castle-in-krakow-poland-1920x1188.jpg 1920w, https:\/\/gyncentrum.pl\/wp-content\/uploads\/2024\/02\/aerial-view-of-wawel-castle-in-krakow-poland-200x124.jpg 200w, https:\/\/gyncentrum.pl\/wp-content\/uploads\/2024\/02\/aerial-view-of-wawel-castle-in-krakow-poland-1536x951.jpg 1536w, https:\/\/gyncentrum.pl\/wp-content\/uploads\/2024\/02\/aerial-view-of-wawel-castle-in-krakow-poland-2048x1267.jpg 2048w, https:\/\/gyncentrum.pl\/wp-content\/uploads\/2024\/02\/aerial-view-of-wawel-castle-in-krakow-poland-930x576.jpg 930w, https:\/\/gyncentrum.pl\/wp-content\/uploads\/2024\/02\/aerial-view-of-wawel-castle-in-krakow-poland-480x297.jpg 480w\" sizes=\"(max-width: 2560px) 100vw, 2560px\" title=\"\">            <\/div>\n                <\/div>\n<\/section>\n\n\n\n<section id=\"cta-banner-block_a5736e33cfd5a2fba651681a58225bb8\"\n         class=\"block-cta-banner \">\n            <div class=\"background-wrapper\">\n            <img decoding=\"async\" width=\"2560\" height=\"1703\" src=\"https:\/\/gyncentrum.pl\/wp-content\/uploads\/2024\/02\/miejskie-programy-in-vitro-ile-kosztuje-in-vitro-1-scaled.jpg\" class=\"desktop-image background lazyload\" alt=\"mama trzymaj\u0105ca na r\u0119kach \u015bpi\u0105cego noworodka\" srcset=\"https:\/\/gyncentrum.pl\/wp-content\/uploads\/2024\/02\/miejskie-programy-in-vitro-ile-kosztuje-in-vitro-1-scaled.jpg 2560w, https:\/\/gyncentrum.pl\/wp-content\/uploads\/2024\/02\/miejskie-programy-in-vitro-ile-kosztuje-in-vitro-1-768x511.jpg 768w, https:\/\/gyncentrum.pl\/wp-content\/uploads\/2024\/02\/miejskie-programy-in-vitro-ile-kosztuje-in-vitro-1-1920x1278.jpg 1920w, https:\/\/gyncentrum.pl\/wp-content\/uploads\/2024\/02\/miejskie-programy-in-vitro-ile-kosztuje-in-vitro-1-200x133.jpg 200w, https:\/\/gyncentrum.pl\/wp-content\/uploads\/2024\/02\/miejskie-programy-in-vitro-ile-kosztuje-in-vitro-1-1536x1022.jpg 1536w, https:\/\/gyncentrum.pl\/wp-content\/uploads\/2024\/02\/miejskie-programy-in-vitro-ile-kosztuje-in-vitro-1-2048x1363.jpg 2048w, https:\/\/gyncentrum.pl\/wp-content\/uploads\/2024\/02\/miejskie-programy-in-vitro-ile-kosztuje-in-vitro-1-930x619.jpg 930w, https:\/\/gyncentrum.pl\/wp-content\/uploads\/2024\/02\/miejskie-programy-in-vitro-ile-kosztuje-in-vitro-1-480x319.jpg 480w\" sizes=\"(max-width: 2560px) 100vw, 2560px\" title=\"\">                    <\/div>\n            <div class=\"container\">\n                <div class=\"content-wrapper\">\n                            <span class=\"subtitle text--t3\">Let&#8217;s meet in Cracow!<\/span>\n                            <h3            class=\"title\">Visit our Cracow Clinic        <\/h3>\n                    <div class=\"text text--t1\"><p>You want to learn more about our clinic?<\/p>\n<p>Don&#8217;t wait and and combine visiting our clinic with sightseeing around the Cracow.<\/p>\n<p>Click here, and schedule an appointment.<\/p>\n<\/div>\n                    <div class=\"button-row\">\n                    <a class=\"fz-button  new-button-style new-color-style-orange-100 new-fill-style-full\" href=\"https:\/\/gyncentrum.pl\/en\/gyncentrum-clinics\/gyncentrum-cracow\/\">\n        \n        <span class=\"text-itself\">Find out more<\/span>\n\n                <\/a>\n                <a class=\"fz-button  new-button-style new-color-style-navy-100 new-fill-style-full\" href=\"tel:+48600466592\">\n        \n        <span class=\"text-itself\">Call us<\/span>\n\n                <\/a>\n                <\/div>\n    <\/div>\n\n    <\/div>\n<\/section>\n\n\n\n<section id=\"content-block_c7afc1f7bfc5da700e54eafa39bdca98\" class=\"block-content image-right   hide-dust\">\n        <div class=\"container\">\n        <div class=\"text-part\">\n            <div class=\"subtitle-wrapper\">\n                <div class=\"icon-wrapper\">\n                    <img decoding=\"async\" width=\"512\" height=\"512\" src=\"https:\/\/gyncentrum.pl\/wp-content\/uploads\/2024\/02\/sparkles_7434844new.svg\" class=\"subtitle-icon lazyload\" alt=\"\" title=\"\">\n                <\/div>\n                <span class=\"subtitle text--t3\">Cultural Hub<\/span>\n\n            <\/div>\n            <h3 class=\"title\"><p>Amazing culture<\/p>\n<\/h3>\n            <div class=\"text text--t1\"><p>Cracow pulsates with cultural energy, evident in its lively arts scene, bustling nightlife, and thriving culinary offerings. Visitors can immerse themselves in traditional Polish cuisine at local eateries, catch a performance at one of the city&#8217;s many theaters or concert halls, and explore contemporary art galleries showcasing the talents of Cracow&#8217;s creative community.<\/p>\n<p>&nbsp;<\/p>\n<\/div>\n                    <a class=\"fz-button  new-button-style new-color-style-orange-100 new-fill-style-full\" href=\"https:\/\/gyncentrum.pl\/en\/ivf-imsi-packages\/\">\n        \n        <span class=\"text-itself\">Learn more about our offer!<\/span>\n\n                <\/a>\n        \n        <\/div>\n                    <div class=\"image-part\">\n                <img decoding=\"async\" class=\"heart-dust\" src=\"https:\/\/gyncentrum.pl\/wp-content\/themes\/gyn-centrum\/img\/orange-sketchy-heart-empty.svg\" width=\"28\" height=\"50\" alt=\"\" title=\"\">\n                <img decoding=\"async\" class=\"heart-dust-crocked\" src=\"https:\/\/gyncentrum.pl\/wp-content\/themes\/gyn-centrum\/img\/orange-sketchy-crocked-heart.svg\" width=\"42\" height=\"37\" alt=\"\" title=\"\">\n                <div class=\"dust dust-1\"><\/div>\n                <div class=\"dust dust-2\"><\/div>\n                <div class=\"dust dust-3 orange\"><\/div>\n                <div class=\"dust dust-4\"><\/div>\n                <div class=\"dust dust-5\"><\/div>\n                <div class=\"dust dust-6 orange\"><\/div>\n                <img decoding=\"async\" width=\"2560\" height=\"1322\" src=\"https:\/\/gyncentrum.pl\/wp-content\/uploads\/2024\/02\/eastern-european-cobbled-square-in-krakow-poland-scaled.jpg\" class=\"side-image lazyload\" alt=\"\" srcset=\"https:\/\/gyncentrum.pl\/wp-content\/uploads\/2024\/02\/eastern-european-cobbled-square-in-krakow-poland-scaled.jpg 2560w, https:\/\/gyncentrum.pl\/wp-content\/uploads\/2024\/02\/eastern-european-cobbled-square-in-krakow-poland-768x396.jpg 768w, https:\/\/gyncentrum.pl\/wp-content\/uploads\/2024\/02\/eastern-european-cobbled-square-in-krakow-poland-1920x991.jpg 1920w, https:\/\/gyncentrum.pl\/wp-content\/uploads\/2024\/02\/eastern-european-cobbled-square-in-krakow-poland-200x103.jpg 200w, https:\/\/gyncentrum.pl\/wp-content\/uploads\/2024\/02\/eastern-european-cobbled-square-in-krakow-poland-1536x793.jpg 1536w, https:\/\/gyncentrum.pl\/wp-content\/uploads\/2024\/02\/eastern-european-cobbled-square-in-krakow-poland-2048x1057.jpg 2048w, https:\/\/gyncentrum.pl\/wp-content\/uploads\/2024\/02\/eastern-european-cobbled-square-in-krakow-poland-930x480.jpg 930w, https:\/\/gyncentrum.pl\/wp-content\/uploads\/2024\/02\/eastern-european-cobbled-square-in-krakow-poland-480x248.jpg 480w\" sizes=\"(max-width: 2560px) 100vw, 2560px\" title=\"\">            <\/div>\n                <\/div>\n<\/section>\n\n\n\n<section id=\"conent-2-block_80f1aaad3cfb2741fc27287223a35a2e\" class=\"block-conent-2  image-type-container-width  \">\n        <div class=\"container \">\n                    <div class=\"image-wrapper\">\n                <img decoding=\"async\" width=\"2560\" height=\"1707\" src=\"https:\/\/gyncentrum.pl\/wp-content\/uploads\/2024\/02\/airplane-on-the-modern-airport-terminal-scaled.jpg\" class=\"image lazyload\" alt=\"\" srcset=\"https:\/\/gyncentrum.pl\/wp-content\/uploads\/2024\/02\/airplane-on-the-modern-airport-terminal-scaled.jpg 2560w, https:\/\/gyncentrum.pl\/wp-content\/uploads\/2024\/02\/airplane-on-the-modern-airport-terminal-768x512.jpg 768w, https:\/\/gyncentrum.pl\/wp-content\/uploads\/2024\/02\/airplane-on-the-modern-airport-terminal-1920x1280.jpg 1920w, https:\/\/gyncentrum.pl\/wp-content\/uploads\/2024\/02\/airplane-on-the-modern-airport-terminal-200x133.jpg 200w, https:\/\/gyncentrum.pl\/wp-content\/uploads\/2024\/02\/airplane-on-the-modern-airport-terminal-1536x1024.jpg 1536w, https:\/\/gyncentrum.pl\/wp-content\/uploads\/2024\/02\/airplane-on-the-modern-airport-terminal-2048x1366.jpg 2048w, https:\/\/gyncentrum.pl\/wp-content\/uploads\/2024\/02\/airplane-on-the-modern-airport-terminal-930x620.jpg 930w, https:\/\/gyncentrum.pl\/wp-content\/uploads\/2024\/02\/airplane-on-the-modern-airport-terminal-480x320.jpg 480w\" sizes=\"(max-width: 2560px) 100vw, 2560px\" title=\"\">\n            <\/div>\n                    <div class=\"columns-wrapper\">\n            <div class=\"single-column\">\n                                <span class=\"subtitle text--t3\">So easy to travel! <\/span>\n                            <h3 class=\"title\"><p>Cracow has a great connection with other cities!<\/p>\n<\/h3>\n                            <span class=\"text text--t1\"><p>Getting to Cracow is quite easy, as the city is well-connected by various means of transportation. You can reach Krakow by plane, train, bus, or car. Major airlines offer flights toCracow&#8217;s John Paul II International Airport (KRK), located about 11 kilometers west of the city center. Additionally, Cracow&#8217;s central location in Europe makes it accessible by train from major cities like Warsaw, Prague, Budapest, and Vienna. The city also has an extensive bus network, with routes connecting Cracow to other cities and towns in Poland and beyond. If you prefer to drive, Cracow is easily accessible by car via well-maintained highways and roads. Once you arrive, public transportation, taxis, and walking are convenient options for getting around the city.<\/p>\n<\/span>\n                            <\/div>\n                            <div class=\"single-column\">\n                                            <span class=\"text text--t1\"><p>Here you will find useful links:<\/p>\n<ul>\n<li>Cracow aiport\u00a0 <a href=\"https:\/\/www.krakowairport.pl\/pl\" target=\"_blank\" rel=\"noopener\">https:\/\/www.krakowairport.pl\/pl<\/a><\/li>\n<li>WAWEL castle <a href=\"https:\/\/wawel.krakow.pl\/\" target=\"_blank\" rel=\"noopener\">https:\/\/wawel.krakow.pl\/<\/a><\/li>\n<li>Cracow museums: <a href=\"https:\/\/muzeumkrakowa.pl\/\" target=\"_blank\" rel=\"noopener\">https:\/\/muzeumkrakowa.pl\/<\/a><\/li>\n<li>Polish railways: <a href=\"https:\/\/www.pkp.pl\/\" target=\"_blank\" rel=\"noopener\">https:\/\/www.pkp.pl\/<\/a><\/li>\n<\/ul>\n<p>&nbsp;<\/p>\n<\/span>\n                                <a class=\"fz-button  new-button-style new-color-style-orange-100 new-fill-style-full\" href=\"https:\/\/gyncentrum.pl\/en\/why-us\/\">\n        \n        <span class=\"text-itself\">Learn more about Gyncentrum<\/span>\n\n                <\/a>\n                        <\/div>\n                        <\/div>\n\n    <\/div>\n<\/section>\n","protected":false},"excerpt":{"rendered":"","protected":false},"author":19,"featured_media":0,"parent":0,"menu_order":0,"comment_status":"closed","ping_status":"closed","template":"","meta":{"_acf_changed":false,"footnotes":""},"class_list":["post-36645","page","type-page","status-publish","hentry"],"acf":[],"_links":{"self":[{"href":"https:\/\/gyncentrum.pl\/uk\/wp-json\/wp\/v2\/pages\/36645","targetHints":{"allow":["GET"]}}],"collection":[{"href":"https:\/\/gyncentrum.pl\/uk\/wp-json\/wp\/v2\/pages"}],"about":[{"href":"https:\/\/gyncentrum.pl\/uk\/wp-json\/wp\/v2\/types\/page"}],"author":[{"embeddable":true,"href":"https:\/\/gyncentrum.pl\/uk\/wp-json\/wp\/v2\/users\/19"}],"replies":[{"embeddable":true,"href":"https:\/\/gyncentrum.pl\/uk\/wp-json\/wp\/v2\/comments?post=36645"}],"version-history":[{"count":4,"href":"https:\/\/gyncentrum.pl\/uk\/wp-json\/wp\/v2\/pages\/36645\/revisions"}],"predecessor-version":[{"id":36649,"href":"https:\/\/gyncentrum.pl\/uk\/wp-json\/wp\/v2\/pages\/36645\/revisions\/36649"}],"wp:attachment":[{"href":"https:\/\/gyncentrum.pl\/uk\/wp-json\/wp\/v2\/media?parent=36645"}],"curies":[{"name":"wp","href":"https:\/\/api.w.org\/{rel}","templated":true}]}}